{"id":1239,"date":"2019-03-29T14:48:25","date_gmt":"2019-03-29T13:48:25","guid":{"rendered":"https:\/\/www.interistech.com\/acerca-de\/"},"modified":"2024-04-03T16:14:36","modified_gmt":"2024-04-03T14:14:36","slug":"acerca-de","status":"publish","type":"page","link":"https:\/\/www.interistech.com\/es\/acerca-de\/","title":{"rendered":"Acerca de"},"content":{"rendered":"","protected":false},"excerpt":{"rendered":"","protected":false},"author":1,"featured_media":0,"parent":0,"menu_order":0,"comment_status":"closed","ping_status":"closed","template":"","meta":{"_acf_changed":false,"footnotes":""},"acf":[],"yoast_head":"<!-- This site is optimized with the Yoast SEO plugin v23.5 - https:\/\/yoast.com\/wordpress\/plugins\/seo\/ -->\n<title>Optimizaci\u00f3n e implementaci\u00f3n de procesos para su planta de bioetanol o alcohol | Interis<\/title>\n<meta name=\"description\" content=\"Seguimiento a medida para optimizaci\u00f3n de procesos en Plantas de BioEtanol. +180 unidades de producci\u00f3n de Etanol y otros bio-productos implementadas | Interis Expertos en Biotecnolog\u00eda\" \/>\n<meta name=\"robots\" content=\"index, follow, max-snippet:-1, max-image-preview:large, max-video-preview:-1\" \/>\n<link rel=\"canonical\" href=\"https:\/\/www.interistech.com\/es\/acerca-de\/\" \/>\n<meta property=\"og:locale\" content=\"es_ES\" \/>\n<meta property=\"og:type\" content=\"article\" \/>\n<meta property=\"og:title\" content=\"Optimizaci\u00f3n e implementaci\u00f3n de procesos para su planta de bioetanol o alcohol | Interis\" \/>\n<meta property=\"og:description\" content=\"Seguimiento a medida para optimizaci\u00f3n de procesos en Plantas de BioEtanol. +180 unidades de producci\u00f3n de Etanol y otros bio-productos implementadas | Interis Expertos en Biotecnolog\u00eda\" \/>\n<meta property=\"og:url\" content=\"https:\/\/www.interistech.com\/es\/acerca-de\/\" \/>\n<meta property=\"og:site_name\" content=\"Interis\" \/>\n<meta property=\"article:modified_time\" content=\"2024-04-03T14:14:36+00:00\" \/>\n<meta name=\"twitter:card\" content=\"summary_large_image\" \/>\n<meta name=\"twitter:label1\" content=\"Tiempo de lectura\" \/>\n\t<meta name=\"twitter:data1\" content=\"6 minutos\" \/>\n<script type=\"application\/ld+json\" class=\"yoast-schema-graph\">{\"@context\":\"https:\/\/schema.org\",\"@graph\":[{\"@type\":\"WebPage\",\"@id\":\"https:\/\/www.interistech.com\/es\/acerca-de\/\",\"url\":\"https:\/\/www.interistech.com\/es\/acerca-de\/\",\"name\":\"Optimizaci\u00f3n e implementaci\u00f3n de procesos para su planta de bioetanol o alcohol | Interis\",\"isPartOf\":{\"@id\":\"https:\/\/www.interistech.com\/es\/#website\"},\"datePublished\":\"2019-03-29T13:48:25+00:00\",\"dateModified\":\"2024-04-03T14:14:36+00:00\",\"description\":\"Seguimiento a medida para optimizaci\u00f3n de procesos en Plantas de BioEtanol. +180 unidades de producci\u00f3n de Etanol y otros bio-productos implementadas | Interis Expertos en Biotecnolog\u00eda\",\"breadcrumb\":{\"@id\":\"https:\/\/www.interistech.com\/es\/acerca-de\/#breadcrumb\"},\"inLanguage\":\"es\",\"potentialAction\":[{\"@type\":\"ReadAction\",\"target\":[\"https:\/\/www.interistech.com\/es\/acerca-de\/\"]}]},{\"@type\":\"BreadcrumbList\",\"@id\":\"https:\/\/www.interistech.com\/es\/acerca-de\/#breadcrumb\",\"itemListElement\":[{\"@type\":\"ListItem\",\"position\":1,\"name\":\"Home\",\"item\":\"https:\/\/www.interistech.com\/es\/\"},{\"@type\":\"ListItem\",\"position\":2,\"name\":\"Acerca de\"}]},{\"@type\":\"WebSite\",\"@id\":\"https:\/\/www.interistech.com\/es\/#website\",\"url\":\"https:\/\/www.interistech.com\/es\/\",\"name\":\"Interis\",\"description\":\"Biotechnology - Experts by Nature\",\"publisher\":{\"@id\":\"https:\/\/www.interistech.com\/es\/#organization\"},\"potentialAction\":[{\"@type\":\"SearchAction\",\"target\":{\"@type\":\"EntryPoint\",\"urlTemplate\":\"https:\/\/www.interistech.com\/es\/?s={search_term_string}\"},\"query-input\":{\"@type\":\"PropertyValueSpecification\",\"valueRequired\":true,\"valueName\":\"search_term_string\"}}],\"inLanguage\":\"es\"},{\"@type\":\"Organization\",\"@id\":\"https:\/\/www.interistech.com\/es\/#organization\",\"name\":\"Interis\",\"url\":\"https:\/\/www.interistech.com\/es\/\",\"logo\":{\"@type\":\"ImageObject\",\"inLanguage\":\"es\",\"@id\":\"https:\/\/www.interistech.com\/es\/#\/schema\/logo\/image\/\",\"url\":\"https:\/\/www.interistech.com\/wp-content\/uploads\/2019\/03\/logointeris.png\",\"contentUrl\":\"https:\/\/www.interistech.com\/wp-content\/uploads\/2019\/03\/logointeris.png\",\"width\":254,\"height\":111,\"caption\":\"Interis\"},\"image\":{\"@id\":\"https:\/\/www.interistech.com\/es\/#\/schema\/logo\/image\/\"}}]}<\/script>\n<!-- \/ Yoast SEO plugin. -->","yoast_head_json":{"title":"Optimizaci\u00f3n e implementaci\u00f3n de procesos para su planta de bioetanol o alcohol | Interis","description":"Seguimiento a medida para optimizaci\u00f3n de procesos en Plantas de BioEtanol. +180 unidades de producci\u00f3n de Etanol y otros bio-productos implementadas | Interis Expertos en Biotecnolog\u00eda","robots":{"index":"index","follow":"follow","max-snippet":"max-snippet:-1","max-image-preview":"max-image-preview:large","max-video-preview":"max-video-preview:-1"},"canonical":"https:\/\/www.interistech.com\/es\/acerca-de\/","og_locale":"es_ES","og_type":"article","og_title":"Optimizaci\u00f3n e implementaci\u00f3n de procesos para su planta de bioetanol o alcohol | Interis","og_description":"Seguimiento a medida para optimizaci\u00f3n de procesos en Plantas de BioEtanol. +180 unidades de producci\u00f3n de Etanol y otros bio-productos implementadas | Interis Expertos en Biotecnolog\u00eda","og_url":"https:\/\/www.interistech.com\/es\/acerca-de\/","og_site_name":"Interis","article_modified_time":"2024-04-03T14:14:36+00:00","twitter_card":"summary_large_image","twitter_misc":{"Tiempo de lectura":"6 minutos"},"schema":{"@context":"https:\/\/schema.org","@graph":[{"@type":"WebPage","@id":"https:\/\/www.interistech.com\/es\/acerca-de\/","url":"https:\/\/www.interistech.com\/es\/acerca-de\/","name":"Optimizaci\u00f3n e implementaci\u00f3n de procesos para su planta de bioetanol o alcohol | Interis","isPartOf":{"@id":"https:\/\/www.interistech.com\/es\/#website"},"datePublished":"2019-03-29T13:48:25+00:00","dateModified":"2024-04-03T14:14:36+00:00","description":"Seguimiento a medida para optimizaci\u00f3n de procesos en Plantas de BioEtanol. +180 unidades de producci\u00f3n de Etanol y otros bio-productos implementadas | Interis Expertos en Biotecnolog\u00eda","breadcrumb":{"@id":"https:\/\/www.interistech.com\/es\/acerca-de\/#breadcrumb"},"inLanguage":"es","potentialAction":[{"@type":"ReadAction","target":["https:\/\/www.interistech.com\/es\/acerca-de\/"]}]},{"@type":"BreadcrumbList","@id":"https:\/\/www.interistech.com\/es\/acerca-de\/#breadcrumb","itemListElement":[{"@type":"ListItem","position":1,"name":"Home","item":"https:\/\/www.interistech.com\/es\/"},{"@type":"ListItem","position":2,"name":"Acerca de"}]},{"@type":"WebSite","@id":"https:\/\/www.interistech.com\/es\/#website","url":"https:\/\/www.interistech.com\/es\/","name":"Interis","description":"Biotechnology - Experts by Nature","publisher":{"@id":"https:\/\/www.interistech.com\/es\/#organization"},"potentialAction":[{"@type":"SearchAction","target":{"@type":"EntryPoint","urlTemplate":"https:\/\/www.interistech.com\/es\/?s={search_term_string}"},"query-input":{"@type":"PropertyValueSpecification","valueRequired":true,"valueName":"search_term_string"}}],"inLanguage":"es"},{"@type":"Organization","@id":"https:\/\/www.interistech.com\/es\/#organization","name":"Interis","url":"https:\/\/www.interistech.com\/es\/","logo":{"@type":"ImageObject","inLanguage":"es","@id":"https:\/\/www.interistech.com\/es\/#\/schema\/logo\/image\/","url":"https:\/\/www.interistech.com\/wp-content\/uploads\/2019\/03\/logointeris.png","contentUrl":"https:\/\/www.interistech.com\/wp-content\/uploads\/2019\/03\/logointeris.png","width":254,"height":111,"caption":"Interis"},"image":{"@id":"https:\/\/www.interistech.com\/es\/#\/schema\/logo\/image\/"}}]}},"_links":{"self":[{"href":"https:\/\/www.interistech.com\/es\/wp-json\/wp\/v2\/pages\/1239"}],"collection":[{"href":"https:\/\/www.interistech.com\/es\/wp-json\/wp\/v2\/pages"}],"about":[{"href":"https:\/\/www.interistech.com\/es\/wp-json\/wp\/v2\/types\/page"}],"author":[{"embeddable":true,"href":"https:\/\/www.interistech.com\/es\/wp-json\/wp\/v2\/users\/1"}],"replies":[{"embeddable":true,"href":"https:\/\/www.interistech.com\/es\/wp-json\/wp\/v2\/comments?post=1239"}],"version-history":[{"count":5,"href":"https:\/\/www.interistech.com\/es\/wp-json\/wp\/v2\/pages\/1239\/revisions"}],"predecessor-version":[{"id":3702,"href":"https:\/\/www.interistech.com\/es\/wp-json\/wp\/v2\/pages\/1239\/revisions\/3702"}],"wp:attachment":[{"href":"https:\/\/www.interistech.com\/es\/wp-json\/wp\/v2\/media?parent=1239"}],"curies":[{"name":"wp","href":"https:\/\/api.w.org\/{rel}","templated":true}]}}