{"id":1776,"date":"2019-07-11T17:57:47","date_gmt":"2019-07-11T15:57:47","guid":{"rendered":"https:\/\/www.interistech.com\/?page_id=1776"},"modified":"2022-09-23T14:53:13","modified_gmt":"2022-09-23T12:53:13","slug":"soluciones","status":"publish","type":"page","link":"https:\/\/www.interistech.com\/es\/soluciones\/","title":{"rendered":"Soluciones &amp; Tecnolog\u00edas"},"content":{"rendered":"","protected":false},"excerpt":{"rendered":"","protected":false},"author":1,"featured_media":0,"parent":0,"menu_order":0,"comment_status":"closed","ping_status":"closed","template":"","meta":{"_acf_changed":false,"footnotes":""},"acf":[],"yoast_head":"<!-- This site is optimized with the Yoast SEO plugin v23.5 - https:\/\/yoast.com\/wordpress\/plugins\/seo\/ -->\n<title>Soluciones e Ingenier\u00eda en biotecnolog\u00eda al servicio de su proyecto | Interis<\/title>\n<meta name=\"description\" content=\"Soluciones, tecnolog\u00edas e ingenier\u00eda biotecnol\u00f3gica para su proyecto. Soluciones completas y confiables para la conversi\u00f3n de sus bio-productos | Interis\" \/>\n<meta name=\"robots\" content=\"index, follow, max-snippet:-1, max-image-preview:large, max-video-preview:-1\" \/>\n<link rel=\"canonical\" href=\"https:\/\/www.interistech.com\/es\/soluciones\/\" \/>\n<meta property=\"og:locale\" content=\"es_ES\" \/>\n<meta property=\"og:type\" content=\"article\" \/>\n<meta property=\"og:title\" content=\"Soluciones e Ingenier\u00eda en biotecnolog\u00eda al servicio de su proyecto | Interis\" \/>\n<meta property=\"og:description\" content=\"Soluciones, tecnolog\u00edas e ingenier\u00eda biotecnol\u00f3gica para su proyecto. Soluciones completas y confiables para la conversi\u00f3n de sus bio-productos | Interis\" \/>\n<meta property=\"og:url\" content=\"https:\/\/www.interistech.com\/es\/soluciones\/\" \/>\n<meta property=\"og:site_name\" content=\"Interis\" \/>\n<meta property=\"article:modified_time\" content=\"2022-09-23T12:53:13+00:00\" \/>\n<meta name=\"twitter:card\" content=\"summary_large_image\" \/>\n<script type=\"application\/ld+json\" class=\"yoast-schema-graph\">{\"@context\":\"https:\/\/schema.org\",\"@graph\":[{\"@type\":\"WebPage\",\"@id\":\"https:\/\/www.interistech.com\/es\/soluciones\/\",\"url\":\"https:\/\/www.interistech.com\/es\/soluciones\/\",\"name\":\"Soluciones e Ingenier\u00eda en biotecnolog\u00eda al servicio de su proyecto | Interis\",\"isPartOf\":{\"@id\":\"https:\/\/www.interistech.com\/es\/#website\"},\"datePublished\":\"2019-07-11T15:57:47+00:00\",\"dateModified\":\"2022-09-23T12:53:13+00:00\",\"description\":\"Soluciones, tecnolog\u00edas e ingenier\u00eda biotecnol\u00f3gica para su proyecto. Soluciones completas y confiables para la conversi\u00f3n de sus bio-productos | Interis\",\"breadcrumb\":{\"@id\":\"https:\/\/www.interistech.com\/es\/soluciones\/#breadcrumb\"},\"inLanguage\":\"es\",\"potentialAction\":[{\"@type\":\"ReadAction\",\"target\":[\"https:\/\/www.interistech.com\/es\/soluciones\/\"]}]},{\"@type\":\"BreadcrumbList\",\"@id\":\"https:\/\/www.interistech.com\/es\/soluciones\/#breadcrumb\",\"itemListElement\":[{\"@type\":\"ListItem\",\"position\":1,\"name\":\"Home\",\"item\":\"https:\/\/www.interistech.com\/es\/\"},{\"@type\":\"ListItem\",\"position\":2,\"name\":\"Soluciones &amp; Tecnolog\u00edas\"}]},{\"@type\":\"WebSite\",\"@id\":\"https:\/\/www.interistech.com\/es\/#website\",\"url\":\"https:\/\/www.interistech.com\/es\/\",\"name\":\"Interis\",\"description\":\"Biotechnology - Experts by Nature\",\"publisher\":{\"@id\":\"https:\/\/www.interistech.com\/es\/#organization\"},\"potentialAction\":[{\"@type\":\"SearchAction\",\"target\":{\"@type\":\"EntryPoint\",\"urlTemplate\":\"https:\/\/www.interistech.com\/es\/?s={search_term_string}\"},\"query-input\":{\"@type\":\"PropertyValueSpecification\",\"valueRequired\":true,\"valueName\":\"search_term_string\"}}],\"inLanguage\":\"es\"},{\"@type\":\"Organization\",\"@id\":\"https:\/\/www.interistech.com\/es\/#organization\",\"name\":\"Interis\",\"url\":\"https:\/\/www.interistech.com\/es\/\",\"logo\":{\"@type\":\"ImageObject\",\"inLanguage\":\"es\",\"@id\":\"https:\/\/www.interistech.com\/es\/#\/schema\/logo\/image\/\",\"url\":\"https:\/\/www.interistech.com\/wp-content\/uploads\/2019\/03\/logointeris.png\",\"contentUrl\":\"https:\/\/www.interistech.com\/wp-content\/uploads\/2019\/03\/logointeris.png\",\"width\":254,\"height\":111,\"caption\":\"Interis\"},\"image\":{\"@id\":\"https:\/\/www.interistech.com\/es\/#\/schema\/logo\/image\/\"}}]}<\/script>\n<!-- \/ Yoast SEO plugin. -->","yoast_head_json":{"title":"Soluciones e Ingenier\u00eda en biotecnolog\u00eda al servicio de su proyecto | Interis","description":"Soluciones, tecnolog\u00edas e ingenier\u00eda biotecnol\u00f3gica para su proyecto. Soluciones completas y confiables para la conversi\u00f3n de sus bio-productos | Interis","robots":{"index":"index","follow":"follow","max-snippet":"max-snippet:-1","max-image-preview":"max-image-preview:large","max-video-preview":"max-video-preview:-1"},"canonical":"https:\/\/www.interistech.com\/es\/soluciones\/","og_locale":"es_ES","og_type":"article","og_title":"Soluciones e Ingenier\u00eda en biotecnolog\u00eda al servicio de su proyecto | Interis","og_description":"Soluciones, tecnolog\u00edas e ingenier\u00eda biotecnol\u00f3gica para su proyecto. Soluciones completas y confiables para la conversi\u00f3n de sus bio-productos | Interis","og_url":"https:\/\/www.interistech.com\/es\/soluciones\/","og_site_name":"Interis","article_modified_time":"2022-09-23T12:53:13+00:00","twitter_card":"summary_large_image","schema":{"@context":"https:\/\/schema.org","@graph":[{"@type":"WebPage","@id":"https:\/\/www.interistech.com\/es\/soluciones\/","url":"https:\/\/www.interistech.com\/es\/soluciones\/","name":"Soluciones e Ingenier\u00eda en biotecnolog\u00eda al servicio de su proyecto | Interis","isPartOf":{"@id":"https:\/\/www.interistech.com\/es\/#website"},"datePublished":"2019-07-11T15:57:47+00:00","dateModified":"2022-09-23T12:53:13+00:00","description":"Soluciones, tecnolog\u00edas e ingenier\u00eda biotecnol\u00f3gica para su proyecto. Soluciones completas y confiables para la conversi\u00f3n de sus bio-productos | Interis","breadcrumb":{"@id":"https:\/\/www.interistech.com\/es\/soluciones\/#breadcrumb"},"inLanguage":"es","potentialAction":[{"@type":"ReadAction","target":["https:\/\/www.interistech.com\/es\/soluciones\/"]}]},{"@type":"BreadcrumbList","@id":"https:\/\/www.interistech.com\/es\/soluciones\/#breadcrumb","itemListElement":[{"@type":"ListItem","position":1,"name":"Home","item":"https:\/\/www.interistech.com\/es\/"},{"@type":"ListItem","position":2,"name":"Soluciones &amp; Tecnolog\u00edas"}]},{"@type":"WebSite","@id":"https:\/\/www.interistech.com\/es\/#website","url":"https:\/\/www.interistech.com\/es\/","name":"Interis","description":"Biotechnology - Experts by Nature","publisher":{"@id":"https:\/\/www.interistech.com\/es\/#organization"},"potentialAction":[{"@type":"SearchAction","target":{"@type":"EntryPoint","urlTemplate":"https:\/\/www.interistech.com\/es\/?s={search_term_string}"},"query-input":{"@type":"PropertyValueSpecification","valueRequired":true,"valueName":"search_term_string"}}],"inLanguage":"es"},{"@type":"Organization","@id":"https:\/\/www.interistech.com\/es\/#organization","name":"Interis","url":"https:\/\/www.interistech.com\/es\/","logo":{"@type":"ImageObject","inLanguage":"es","@id":"https:\/\/www.interistech.com\/es\/#\/schema\/logo\/image\/","url":"https:\/\/www.interistech.com\/wp-content\/uploads\/2019\/03\/logointeris.png","contentUrl":"https:\/\/www.interistech.com\/wp-content\/uploads\/2019\/03\/logointeris.png","width":254,"height":111,"caption":"Interis"},"image":{"@id":"https:\/\/www.interistech.com\/es\/#\/schema\/logo\/image\/"}}]}},"_links":{"self":[{"href":"https:\/\/www.interistech.com\/es\/wp-json\/wp\/v2\/pages\/1776"}],"collection":[{"href":"https:\/\/www.interistech.com\/es\/wp-json\/wp\/v2\/pages"}],"about":[{"href":"https:\/\/www.interistech.com\/es\/wp-json\/wp\/v2\/types\/page"}],"author":[{"embeddable":true,"href":"https:\/\/www.interistech.com\/es\/wp-json\/wp\/v2\/users\/1"}],"replies":[{"embeddable":true,"href":"https:\/\/www.interistech.com\/es\/wp-json\/wp\/v2\/comments?post=1776"}],"version-history":[{"count":5,"href":"https:\/\/www.interistech.com\/es\/wp-json\/wp\/v2\/pages\/1776\/revisions"}],"predecessor-version":[{"id":3201,"href":"https:\/\/www.interistech.com\/es\/wp-json\/wp\/v2\/pages\/1776\/revisions\/3201"}],"wp:attachment":[{"href":"https:\/\/www.interistech.com\/es\/wp-json\/wp\/v2\/media?parent=1776"}],"curies":[{"name":"wp","href":"https:\/\/api.w.org\/{rel}","templated":true}]}}