{"id":1520,"date":"2019-05-17T13:02:32","date_gmt":"2019-05-17T11:02:32","guid":{"rendered":"https:\/\/www.interistech.com\/services\/"},"modified":"2024-03-04T12:21:29","modified_gmt":"2024-03-04T11:21:29","slug":"optimisation-energetique","status":"publish","type":"page","link":"https:\/\/www.interistech.com\/fr\/optimisation-energetique\/","title":{"rendered":"Services"},"content":{"rendered":"","protected":false},"excerpt":{"rendered":"","protected":false},"author":1,"featured_media":0,"parent":0,"menu_order":0,"comment_status":"closed","ping_status":"closed","template":"","meta":{"_acf_changed":false,"footnotes":""},"acf":[],"yoast_head":"<!-- This site is optimized with the Yoast SEO plugin v23.5 - https:\/\/yoast.com\/wordpress\/plugins\/seo\/ -->\n<title>Optimisation \u00e9nerg\u00e9tique de vos projets | Interistech<\/title>\n<meta name=\"description\" content=\"Optimisation \u00e9nerg\u00e9tique de vos projets industriels | De l&#039;audit \u00e0 l&#039;apr\u00e8s-vente : gamme compl\u00e8te de services | Interis les experts en biotechnologieInteristech vous propose une gamme compl\u00e8te de services visant \u00e0l\u2019optimisation \u00e9nerg\u00e9tique de vos projets industriels. Contactez-nous pouren savoir plus.\" \/>\n<meta name=\"robots\" content=\"index, follow, max-snippet:-1, max-image-preview:large, max-video-preview:-1\" \/>\n<link rel=\"canonical\" href=\"https:\/\/www.interistech.com\/fr\/optimisation-energetique\/\" \/>\n<meta property=\"og:locale\" content=\"fr_FR\" \/>\n<meta property=\"og:type\" content=\"article\" \/>\n<meta property=\"og:title\" content=\"Optimisation \u00e9nerg\u00e9tique de vos projets | Interistech\" \/>\n<meta property=\"og:description\" content=\"Optimisation \u00e9nerg\u00e9tique de vos projets industriels | De l&#039;audit \u00e0 l&#039;apr\u00e8s-vente : gamme compl\u00e8te de services | Interis les experts en biotechnologieInteristech vous propose une gamme compl\u00e8te de services visant \u00e0l\u2019optimisation \u00e9nerg\u00e9tique de vos projets industriels. Contactez-nous pouren savoir plus.\" \/>\n<meta property=\"og:url\" content=\"https:\/\/www.interistech.com\/fr\/optimisation-energetique\/\" \/>\n<meta property=\"og:site_name\" content=\"Interis\" \/>\n<meta property=\"article:modified_time\" content=\"2024-03-04T11:21:29+00:00\" \/>\n<meta name=\"twitter:card\" content=\"summary_large_image\" \/>\n<meta name=\"twitter:label1\" content=\"Dur\u00e9e de lecture estim\u00e9e\" \/>\n\t<meta name=\"twitter:data1\" content=\"3 minutes\" \/>\n<script type=\"application\/ld+json\" class=\"yoast-schema-graph\">{\"@context\":\"https:\/\/schema.org\",\"@graph\":[{\"@type\":\"WebPage\",\"@id\":\"https:\/\/www.interistech.com\/fr\/optimisation-energetique\/\",\"url\":\"https:\/\/www.interistech.com\/fr\/optimisation-energetique\/\",\"name\":\"Optimisation \u00e9nerg\u00e9tique de vos projets | Interistech\",\"isPartOf\":{\"@id\":\"https:\/\/www.interistech.com\/fr\/#website\"},\"datePublished\":\"2019-05-17T11:02:32+00:00\",\"dateModified\":\"2024-03-04T11:21:29+00:00\",\"description\":\"Optimisation \u00e9nerg\u00e9tique de vos projets industriels | De l'audit \u00e0 l'apr\u00e8s-vente : gamme compl\u00e8te de services | Interis les experts en biotechnologieInteristech vous propose une gamme compl\u00e8te de services visant \u00e0l\u2019optimisation \u00e9nerg\u00e9tique de vos projets industriels. Contactez-nous pouren savoir plus.\",\"breadcrumb\":{\"@id\":\"https:\/\/www.interistech.com\/fr\/optimisation-energetique\/#breadcrumb\"},\"inLanguage\":\"fr-FR\",\"potentialAction\":[{\"@type\":\"ReadAction\",\"target\":[\"https:\/\/www.interistech.com\/fr\/optimisation-energetique\/\"]}]},{\"@type\":\"BreadcrumbList\",\"@id\":\"https:\/\/www.interistech.com\/fr\/optimisation-energetique\/#breadcrumb\",\"itemListElement\":[{\"@type\":\"ListItem\",\"position\":1,\"name\":\"Home\",\"item\":\"https:\/\/www.interistech.com\/fr\/\"},{\"@type\":\"ListItem\",\"position\":2,\"name\":\"Services\"}]},{\"@type\":\"WebSite\",\"@id\":\"https:\/\/www.interistech.com\/fr\/#website\",\"url\":\"https:\/\/www.interistech.com\/fr\/\",\"name\":\"Interis\",\"description\":\"Biotechnology - Experts by Nature\",\"publisher\":{\"@id\":\"https:\/\/www.interistech.com\/fr\/#organization\"},\"potentialAction\":[{\"@type\":\"SearchAction\",\"target\":{\"@type\":\"EntryPoint\",\"urlTemplate\":\"https:\/\/www.interistech.com\/fr\/?s={search_term_string}\"},\"query-input\":{\"@type\":\"PropertyValueSpecification\",\"valueRequired\":true,\"valueName\":\"search_term_string\"}}],\"inLanguage\":\"fr-FR\"},{\"@type\":\"Organization\",\"@id\":\"https:\/\/www.interistech.com\/fr\/#organization\",\"name\":\"Interis\",\"url\":\"https:\/\/www.interistech.com\/fr\/\",\"logo\":{\"@type\":\"ImageObject\",\"inLanguage\":\"fr-FR\",\"@id\":\"https:\/\/www.interistech.com\/fr\/#\/schema\/logo\/image\/\",\"url\":\"https:\/\/www.interistech.com\/wp-content\/uploads\/2019\/03\/logointeris.png\",\"contentUrl\":\"https:\/\/www.interistech.com\/wp-content\/uploads\/2019\/03\/logointeris.png\",\"width\":254,\"height\":111,\"caption\":\"Interis\"},\"image\":{\"@id\":\"https:\/\/www.interistech.com\/fr\/#\/schema\/logo\/image\/\"}}]}<\/script>\n<!-- \/ Yoast SEO plugin. -->","yoast_head_json":{"title":"Optimisation \u00e9nerg\u00e9tique de vos projets | Interistech","description":"Optimisation \u00e9nerg\u00e9tique de vos projets industriels | De l'audit \u00e0 l'apr\u00e8s-vente : gamme compl\u00e8te de services | Interis les experts en biotechnologieInteristech vous propose une gamme compl\u00e8te de services visant \u00e0l\u2019optimisation \u00e9nerg\u00e9tique de vos projets industriels. Contactez-nous pouren savoir plus.","robots":{"index":"index","follow":"follow","max-snippet":"max-snippet:-1","max-image-preview":"max-image-preview:large","max-video-preview":"max-video-preview:-1"},"canonical":"https:\/\/www.interistech.com\/fr\/optimisation-energetique\/","og_locale":"fr_FR","og_type":"article","og_title":"Optimisation \u00e9nerg\u00e9tique de vos projets | Interistech","og_description":"Optimisation \u00e9nerg\u00e9tique de vos projets industriels | De l'audit \u00e0 l'apr\u00e8s-vente : gamme compl\u00e8te de services | Interis les experts en biotechnologieInteristech vous propose une gamme compl\u00e8te de services visant \u00e0l\u2019optimisation \u00e9nerg\u00e9tique de vos projets industriels. Contactez-nous pouren savoir plus.","og_url":"https:\/\/www.interistech.com\/fr\/optimisation-energetique\/","og_site_name":"Interis","article_modified_time":"2024-03-04T11:21:29+00:00","twitter_card":"summary_large_image","twitter_misc":{"Dur\u00e9e de lecture estim\u00e9e":"3 minutes"},"schema":{"@context":"https:\/\/schema.org","@graph":[{"@type":"WebPage","@id":"https:\/\/www.interistech.com\/fr\/optimisation-energetique\/","url":"https:\/\/www.interistech.com\/fr\/optimisation-energetique\/","name":"Optimisation \u00e9nerg\u00e9tique de vos projets | Interistech","isPartOf":{"@id":"https:\/\/www.interistech.com\/fr\/#website"},"datePublished":"2019-05-17T11:02:32+00:00","dateModified":"2024-03-04T11:21:29+00:00","description":"Optimisation \u00e9nerg\u00e9tique de vos projets industriels | De l'audit \u00e0 l'apr\u00e8s-vente : gamme compl\u00e8te de services | Interis les experts en biotechnologieInteristech vous propose une gamme compl\u00e8te de services visant \u00e0l\u2019optimisation \u00e9nerg\u00e9tique de vos projets industriels. Contactez-nous pouren savoir plus.","breadcrumb":{"@id":"https:\/\/www.interistech.com\/fr\/optimisation-energetique\/#breadcrumb"},"inLanguage":"fr-FR","potentialAction":[{"@type":"ReadAction","target":["https:\/\/www.interistech.com\/fr\/optimisation-energetique\/"]}]},{"@type":"BreadcrumbList","@id":"https:\/\/www.interistech.com\/fr\/optimisation-energetique\/#breadcrumb","itemListElement":[{"@type":"ListItem","position":1,"name":"Home","item":"https:\/\/www.interistech.com\/fr\/"},{"@type":"ListItem","position":2,"name":"Services"}]},{"@type":"WebSite","@id":"https:\/\/www.interistech.com\/fr\/#website","url":"https:\/\/www.interistech.com\/fr\/","name":"Interis","description":"Biotechnology - Experts by Nature","publisher":{"@id":"https:\/\/www.interistech.com\/fr\/#organization"},"potentialAction":[{"@type":"SearchAction","target":{"@type":"EntryPoint","urlTemplate":"https:\/\/www.interistech.com\/fr\/?s={search_term_string}"},"query-input":{"@type":"PropertyValueSpecification","valueRequired":true,"valueName":"search_term_string"}}],"inLanguage":"fr-FR"},{"@type":"Organization","@id":"https:\/\/www.interistech.com\/fr\/#organization","name":"Interis","url":"https:\/\/www.interistech.com\/fr\/","logo":{"@type":"ImageObject","inLanguage":"fr-FR","@id":"https:\/\/www.interistech.com\/fr\/#\/schema\/logo\/image\/","url":"https:\/\/www.interistech.com\/wp-content\/uploads\/2019\/03\/logointeris.png","contentUrl":"https:\/\/www.interistech.com\/wp-content\/uploads\/2019\/03\/logointeris.png","width":254,"height":111,"caption":"Interis"},"image":{"@id":"https:\/\/www.interistech.com\/fr\/#\/schema\/logo\/image\/"}}]}},"_links":{"self":[{"href":"https:\/\/www.interistech.com\/fr\/wp-json\/wp\/v2\/pages\/1520"}],"collection":[{"href":"https:\/\/www.interistech.com\/fr\/wp-json\/wp\/v2\/pages"}],"about":[{"href":"https:\/\/www.interistech.com\/fr\/wp-json\/wp\/v2\/types\/page"}],"author":[{"embeddable":true,"href":"https:\/\/www.interistech.com\/fr\/wp-json\/wp\/v2\/users\/1"}],"replies":[{"embeddable":true,"href":"https:\/\/www.interistech.com\/fr\/wp-json\/wp\/v2\/comments?post=1520"}],"version-history":[{"count":5,"href":"https:\/\/www.interistech.com\/fr\/wp-json\/wp\/v2\/pages\/1520\/revisions"}],"predecessor-version":[{"id":3686,"href":"https:\/\/www.interistech.com\/fr\/wp-json\/wp\/v2\/pages\/1520\/revisions\/3686"}],"wp:attachment":[{"href":"https:\/\/www.interistech.com\/fr\/wp-json\/wp\/v2\/media?parent=1520"}],"curies":[{"name":"wp","href":"https:\/\/api.w.org\/{rel}","templated":true}]}}