{"id":1917,"date":"2019-07-11T17:49:17","date_gmt":"2019-07-11T15:49:17","guid":{"rendered":"https:\/\/www.interistech.com\/rectification\/"},"modified":"2023-08-10T17:16:37","modified_gmt":"2023-08-10T15:16:37","slug":"rectification-bioprocede","status":"publish","type":"page","link":"https:\/\/www.interistech.com\/fr\/rectification-bioprocede\/","title":{"rendered":"Rectification"},"content":{"rendered":"","protected":false},"excerpt":{"rendered":"","protected":false},"author":1,"featured_media":0,"parent":0,"menu_order":0,"comment_status":"closed","ping_status":"closed","template":"","meta":{"_acf_changed":false,"footnotes":""},"acf":[],"yoast_head":"<!-- This site is optimized with the Yoast SEO plugin v23.5 - https:\/\/yoast.com\/wordpress\/plugins\/seo\/ -->\n<title>Rectification : le proc\u00e9d\u00e9 pour obtenir de l&#039;alcool extra neutre | Interis<\/title>\n<meta name=\"description\" content=\"Technique de rectification : proc\u00e9d\u00e9 de production d&#039;alcool extra neutre de qualit\u00e9 Premium | Produisez en optimisant vos co\u00fbts | Interis les experts en biotechnologie\" \/>\n<meta name=\"robots\" content=\"index, follow, max-snippet:-1, max-image-preview:large, max-video-preview:-1\" \/>\n<link rel=\"canonical\" href=\"https:\/\/www.interistech.com\/fr\/rectification-bioprocede\/\" \/>\n<meta property=\"og:locale\" content=\"fr_FR\" \/>\n<meta property=\"og:type\" content=\"article\" \/>\n<meta property=\"og:title\" content=\"Rectification : le proc\u00e9d\u00e9 pour obtenir de l&#039;alcool extra neutre | Interis\" \/>\n<meta property=\"og:description\" content=\"Technique de rectification : proc\u00e9d\u00e9 de production d&#039;alcool extra neutre de qualit\u00e9 Premium | Produisez en optimisant vos co\u00fbts | Interis les experts en biotechnologie\" \/>\n<meta property=\"og:url\" content=\"https:\/\/www.interistech.com\/fr\/rectification-bioprocede\/\" \/>\n<meta property=\"og:site_name\" content=\"Interis\" \/>\n<meta property=\"article:modified_time\" content=\"2023-08-10T15:16:37+00:00\" \/>\n<meta name=\"twitter:card\" content=\"summary_large_image\" \/>\n<script type=\"application\/ld+json\" class=\"yoast-schema-graph\">{\"@context\":\"https:\/\/schema.org\",\"@graph\":[{\"@type\":\"WebPage\",\"@id\":\"https:\/\/www.interistech.com\/fr\/rectification-bioprocede\/\",\"url\":\"https:\/\/www.interistech.com\/fr\/rectification-bioprocede\/\",\"name\":\"Rectification : le proc\u00e9d\u00e9 pour obtenir de l'alcool extra neutre | Interis\",\"isPartOf\":{\"@id\":\"https:\/\/www.interistech.com\/fr\/#website\"},\"datePublished\":\"2019-07-11T15:49:17+00:00\",\"dateModified\":\"2023-08-10T15:16:37+00:00\",\"description\":\"Technique de rectification : proc\u00e9d\u00e9 de production d'alcool extra neutre de qualit\u00e9 Premium | Produisez en optimisant vos co\u00fbts | Interis les experts en biotechnologie\",\"breadcrumb\":{\"@id\":\"https:\/\/www.interistech.com\/fr\/rectification-bioprocede\/#breadcrumb\"},\"inLanguage\":\"fr-FR\",\"potentialAction\":[{\"@type\":\"ReadAction\",\"target\":[\"https:\/\/www.interistech.com\/fr\/rectification-bioprocede\/\"]}]},{\"@type\":\"BreadcrumbList\",\"@id\":\"https:\/\/www.interistech.com\/fr\/rectification-bioprocede\/#breadcrumb\",\"itemListElement\":[{\"@type\":\"ListItem\",\"position\":1,\"name\":\"Home\",\"item\":\"https:\/\/www.interistech.com\/fr\/\"},{\"@type\":\"ListItem\",\"position\":2,\"name\":\"Rectification\"}]},{\"@type\":\"WebSite\",\"@id\":\"https:\/\/www.interistech.com\/fr\/#website\",\"url\":\"https:\/\/www.interistech.com\/fr\/\",\"name\":\"Interis\",\"description\":\"Biotechnology - Experts by Nature\",\"publisher\":{\"@id\":\"https:\/\/www.interistech.com\/fr\/#organization\"},\"potentialAction\":[{\"@type\":\"SearchAction\",\"target\":{\"@type\":\"EntryPoint\",\"urlTemplate\":\"https:\/\/www.interistech.com\/fr\/?s={search_term_string}\"},\"query-input\":{\"@type\":\"PropertyValueSpecification\",\"valueRequired\":true,\"valueName\":\"search_term_string\"}}],\"inLanguage\":\"fr-FR\"},{\"@type\":\"Organization\",\"@id\":\"https:\/\/www.interistech.com\/fr\/#organization\",\"name\":\"Interis\",\"url\":\"https:\/\/www.interistech.com\/fr\/\",\"logo\":{\"@type\":\"ImageObject\",\"inLanguage\":\"fr-FR\",\"@id\":\"https:\/\/www.interistech.com\/fr\/#\/schema\/logo\/image\/\",\"url\":\"https:\/\/www.interistech.com\/wp-content\/uploads\/2019\/03\/logointeris.png\",\"contentUrl\":\"https:\/\/www.interistech.com\/wp-content\/uploads\/2019\/03\/logointeris.png\",\"width\":254,\"height\":111,\"caption\":\"Interis\"},\"image\":{\"@id\":\"https:\/\/www.interistech.com\/fr\/#\/schema\/logo\/image\/\"}}]}<\/script>\n<!-- \/ Yoast SEO plugin. -->","yoast_head_json":{"title":"Rectification : le proc\u00e9d\u00e9 pour obtenir de l'alcool extra neutre | Interis","description":"Technique de rectification : proc\u00e9d\u00e9 de production d'alcool extra neutre de qualit\u00e9 Premium | Produisez en optimisant vos co\u00fbts | Interis les experts en biotechnologie","robots":{"index":"index","follow":"follow","max-snippet":"max-snippet:-1","max-image-preview":"max-image-preview:large","max-video-preview":"max-video-preview:-1"},"canonical":"https:\/\/www.interistech.com\/fr\/rectification-bioprocede\/","og_locale":"fr_FR","og_type":"article","og_title":"Rectification : le proc\u00e9d\u00e9 pour obtenir de l'alcool extra neutre | Interis","og_description":"Technique de rectification : proc\u00e9d\u00e9 de production d'alcool extra neutre de qualit\u00e9 Premium | Produisez en optimisant vos co\u00fbts | Interis les experts en biotechnologie","og_url":"https:\/\/www.interistech.com\/fr\/rectification-bioprocede\/","og_site_name":"Interis","article_modified_time":"2023-08-10T15:16:37+00:00","twitter_card":"summary_large_image","schema":{"@context":"https:\/\/schema.org","@graph":[{"@type":"WebPage","@id":"https:\/\/www.interistech.com\/fr\/rectification-bioprocede\/","url":"https:\/\/www.interistech.com\/fr\/rectification-bioprocede\/","name":"Rectification : le proc\u00e9d\u00e9 pour obtenir de l'alcool extra neutre | Interis","isPartOf":{"@id":"https:\/\/www.interistech.com\/fr\/#website"},"datePublished":"2019-07-11T15:49:17+00:00","dateModified":"2023-08-10T15:16:37+00:00","description":"Technique de rectification : proc\u00e9d\u00e9 de production d'alcool extra neutre de qualit\u00e9 Premium | Produisez en optimisant vos co\u00fbts | Interis les experts en biotechnologie","breadcrumb":{"@id":"https:\/\/www.interistech.com\/fr\/rectification-bioprocede\/#breadcrumb"},"inLanguage":"fr-FR","potentialAction":[{"@type":"ReadAction","target":["https:\/\/www.interistech.com\/fr\/rectification-bioprocede\/"]}]},{"@type":"BreadcrumbList","@id":"https:\/\/www.interistech.com\/fr\/rectification-bioprocede\/#breadcrumb","itemListElement":[{"@type":"ListItem","position":1,"name":"Home","item":"https:\/\/www.interistech.com\/fr\/"},{"@type":"ListItem","position":2,"name":"Rectification"}]},{"@type":"WebSite","@id":"https:\/\/www.interistech.com\/fr\/#website","url":"https:\/\/www.interistech.com\/fr\/","name":"Interis","description":"Biotechnology - Experts by Nature","publisher":{"@id":"https:\/\/www.interistech.com\/fr\/#organization"},"potentialAction":[{"@type":"SearchAction","target":{"@type":"EntryPoint","urlTemplate":"https:\/\/www.interistech.com\/fr\/?s={search_term_string}"},"query-input":{"@type":"PropertyValueSpecification","valueRequired":true,"valueName":"search_term_string"}}],"inLanguage":"fr-FR"},{"@type":"Organization","@id":"https:\/\/www.interistech.com\/fr\/#organization","name":"Interis","url":"https:\/\/www.interistech.com\/fr\/","logo":{"@type":"ImageObject","inLanguage":"fr-FR","@id":"https:\/\/www.interistech.com\/fr\/#\/schema\/logo\/image\/","url":"https:\/\/www.interistech.com\/wp-content\/uploads\/2019\/03\/logointeris.png","contentUrl":"https:\/\/www.interistech.com\/wp-content\/uploads\/2019\/03\/logointeris.png","width":254,"height":111,"caption":"Interis"},"image":{"@id":"https:\/\/www.interistech.com\/fr\/#\/schema\/logo\/image\/"}}]}},"_links":{"self":[{"href":"https:\/\/www.interistech.com\/fr\/wp-json\/wp\/v2\/pages\/1917"}],"collection":[{"href":"https:\/\/www.interistech.com\/fr\/wp-json\/wp\/v2\/pages"}],"about":[{"href":"https:\/\/www.interistech.com\/fr\/wp-json\/wp\/v2\/types\/page"}],"author":[{"embeddable":true,"href":"https:\/\/www.interistech.com\/fr\/wp-json\/wp\/v2\/users\/1"}],"replies":[{"embeddable":true,"href":"https:\/\/www.interistech.com\/fr\/wp-json\/wp\/v2\/comments?post=1917"}],"version-history":[{"count":5,"href":"https:\/\/www.interistech.com\/fr\/wp-json\/wp\/v2\/pages\/1917\/revisions"}],"predecessor-version":[{"id":3481,"href":"https:\/\/www.interistech.com\/fr\/wp-json\/wp\/v2\/pages\/1917\/revisions\/3481"}],"wp:attachment":[{"href":"https:\/\/www.interistech.com\/fr\/wp-json\/wp\/v2\/media?parent=1917"}],"curies":[{"name":"wp","href":"https:\/\/api.w.org\/{rel}","templated":true}]}}